{"id":61,"date":"2022-06-09T15:56:57","date_gmt":"2022-06-09T18:56:57","guid":{"rendered":"https:\/\/marmorariapedreira.com.br\/?page_id=61"},"modified":"2024-07-24T12:45:45","modified_gmt":"2024-07-24T15:45:45","slug":"empresa","status":"publish","type":"page","link":"https:\/\/marmorariapedreira.com.br\/index.php\/empresa\/","title":{"rendered":"Empresa"},"content":{"rendered":"\t\t<div data-elementor-type=\"wp-page\" data-elementor-id=\"61\" class=\"elementor elementor-61\" data-elementor-post-type=\"page\">\n\t\t\t\t\t\t<section class=\"elementor-section elementor-top-section elementor-element elementor-element-4feb013 elementor-section-boxed elementor-section-height-default elementor-section-height-default\" data-id=\"4feb013\" data-element_type=\"section\">\n\t\t\t\t\t\t<div class=\"elementor-container elementor-column-gap-default\">\n\t\t\t\t\t<div class=\"elementor-column elementor-col-100 elementor-top-column elementor-element elementor-element-eb185d7\" data-id=\"eb185d7\" data-element_type=\"column\">\n\t\t\t<div class=\"elementor-widget-wrap elementor-element-populated\">\n\t\t\t\t\t\t<div class=\"elementor-element elementor-element-8de4f35 elementor-widget elementor-widget-image\" data-id=\"8de4f35\" data-element_type=\"widget\" data-widget_type=\"image.default\">\n\t\t\t\t<div class=\"elementor-widget-container\">\n\t\t\t\t\t\t\t\t\t\t\t\t\t\t\t<img fetchpriority=\"high\" decoding=\"async\" width=\"342\" height=\"147\" src=\"https:\/\/marmorariapedreira.com.br\/wp-content\/uploads\/2022\/06\/indice.jpg\" class=\"attachment-large size-large wp-image-64\" alt=\"\" srcset=\"https:\/\/marmorariapedreira.com.br\/wp-content\/uploads\/2022\/06\/indice.jpg 342w, https:\/\/marmorariapedreira.com.br\/wp-content\/uploads\/2022\/06\/indice-300x129.jpg 300w\" sizes=\"(max-width: 342px) 100vw, 342px\" \/>\t\t\t\t\t\t\t\t\t\t\t\t\t\t\t<\/div>\n\t\t\t\t<\/div>\n\t\t\t\t\t<\/div>\n\t\t<\/div>\n\t\t\t\t\t<\/div>\n\t\t<\/section>\n\t\t\t\t<section class=\"elementor-section elementor-top-section elementor-element elementor-element-dbec6f1 elementor-section-boxed elementor-section-height-default elementor-section-height-default\" data-id=\"dbec6f1\" data-element_type=\"section\">\n\t\t\t\t\t\t<div class=\"elementor-container elementor-column-gap-default\">\n\t\t\t\t\t<div class=\"elementor-column elementor-col-100 elementor-top-column elementor-element elementor-element-1611fe0\" data-id=\"1611fe0\" data-element_type=\"column\">\n\t\t\t<div class=\"elementor-widget-wrap elementor-element-populated\">\n\t\t\t\t\t\t<div class=\"elementor-element elementor-element-5b7307c elementor-widget elementor-widget-heading\" data-id=\"5b7307c\" data-element_type=\"widget\" data-widget_type=\"heading.default\">\n\t\t\t\t<div class=\"elementor-widget-container\">\n\t\t\t\t\t<h2 class=\"elementor-heading-title elementor-size-default\">Nossa Empresa<\/h2>\t\t\t\t<\/div>\n\t\t\t\t<\/div>\n\t\t\t\t<div class=\"elementor-element elementor-element-7b6de87 elementor-widget elementor-widget-text-editor\" data-id=\"7b6de87\" data-element_type=\"widget\" data-widget_type=\"text-editor.default\">\n\t\t\t\t<div class=\"elementor-widget-container\">\n\t\t\t\t\t\t\t\t\t<p>Desde 1991, oferecemos aos nossos clientes um atendimento especializado e difierenciado por meio\u00a0\u00a0profissionais de alto desempenho e experi\u00eancia no ramo de pedras ornamentais. Tarabalhamos com uma vasta variedade de materias, nacionais e importados, tais como, M\u00e1rmores, Granitos, Limestones, Anglostone, Silestone, Caesarstone, Technistone, Onix, dentre outros.\u00a0<\/p><p>Atendemos servi\u00e7os que variam desde pequenos\u00a0ambientes residencias \u00e0 vastos ambientes comerciais, como shoppings, lojas, condom\u00ednios, etc.<\/p><p>Desde sempre, temos como foco superar as expectativas de nossos clientes com o m\u00e1ximo de qualidade\u00a0no produto final, valorizando ao m\u00e1ximo seu\u00a0ambiente, trazendo requinte e bem estar a\u00a0quem o desfruta.<\/p><p>Miss\u00e3o<\/p><p>Contribuir para o crescimento de nossa empresa., tendo\u00a0como ponto de partida a constante busca da confian\u00e7a e satisfa\u00e7\u00e3o\u00a0de nosso clientes, oferecendo produtos de qualidade, pre\u00e7os competitivos e a m\u00e1xima otimiza\u00e7\u00e3o de produ\u00e7\u00e3o no andamento das obras.\u00a0Nosso compromisso para com nossos clientes come\u00e7a\u00a0desde o atendimento preliminar at\u00e9 a entrega do produto final.<\/p><p>Temos como principais valores, \u00e9tica, transpar\u00eancia, efetividade e compet\u00eancia.<\/p>\t\t\t\t\t\t\t\t<\/div>\n\t\t\t\t<\/div>\n\t\t\t\t\t<\/div>\n\t\t<\/div>\n\t\t\t\t\t<\/div>\n\t\t<\/section>\n\t\t\t\t<section class=\"elementor-section elementor-top-section elementor-element elementor-element-0340c0d elementor-section-boxed elementor-section-height-default elementor-section-height-default\" data-id=\"0340c0d\" data-element_type=\"section\">\n\t\t\t\t\t\t<div class=\"elementor-container elementor-column-gap-default\">\n\t\t\t\t\t<div class=\"elementor-column elementor-col-100 elementor-top-column elementor-element elementor-element-b8c2635\" data-id=\"b8c2635\" data-element_type=\"column\">\n\t\t\t<div class=\"elementor-widget-wrap elementor-element-populated\">\n\t\t\t\t\t\t<div class=\"elementor-element elementor-element-7bae0b1 elementor-widget elementor-widget-heading\" data-id=\"7bae0b1\" data-element_type=\"widget\" data-widget_type=\"heading.default\">\n\t\t\t\t<div class=\"elementor-widget-container\">\n\t\t\t\t\t<h2 class=\"elementor-heading-title elementor-size-default\">Fa\u00e7a uma Visita<\/h2>\t\t\t\t<\/div>\n\t\t\t\t<\/div>\n\t\t\t\t<div class=\"elementor-element elementor-element-6a612f1 elementor-widget-divider--view-line elementor-widget elementor-widget-divider\" data-id=\"6a612f1\" data-element_type=\"widget\" data-widget_type=\"divider.default\">\n\t\t\t\t<div class=\"elementor-widget-container\">\n\t\t\t\t\t\t\t<div class=\"elementor-divider\">\n\t\t\t<span class=\"elementor-divider-separator\">\n\t\t\t\t\t\t<\/span>\n\t\t<\/div>\n\t\t\t\t\t\t<\/div>\n\t\t\t\t<\/div>\n\t\t\t\t<section class=\"elementor-section elementor-inner-section elementor-element elementor-element-2b13063 elementor-section-boxed elementor-section-height-default elementor-section-height-default\" data-id=\"2b13063\" data-element_type=\"section\">\n\t\t\t\t\t\t<div class=\"elementor-container elementor-column-gap-default\">\n\t\t\t\t\t<div class=\"elementor-column elementor-col-50 elementor-inner-column elementor-element elementor-element-7a7e807\" data-id=\"7a7e807\" data-element_type=\"column\">\n\t\t\t<div class=\"elementor-widget-wrap elementor-element-populated\">\n\t\t\t\t\t\t<div class=\"elementor-element elementor-element-40c517f elementor-icon-list--layout-traditional elementor-list-item-link-full_width elementor-widget elementor-widget-icon-list\" data-id=\"40c517f\" data-element_type=\"widget\" data-widget_type=\"icon-list.default\">\n\t\t\t\t<div class=\"elementor-widget-container\">\n\t\t\t\t\t\t\t<ul class=\"elementor-icon-list-items\">\n\t\t\t\t\t\t\t<li class=\"elementor-icon-list-item\">\n\t\t\t\t\t\t\t\t\t\t\t<span class=\"elementor-icon-list-icon\">\n\t\t\t\t\t\t\t<i aria-hidden=\"true\" class=\"fas fa-map-marker-alt\"><\/i>\t\t\t\t\t\t<\/span>\n\t\t\t\t\t\t\t\t\t\t<span class=\"elementor-icon-list-text\">Estrada do Campo Limpo, 4625 - Vila Pirajussara S\u00e3o Paulo\/SP - CEP: 05787-000<\/span>\n\t\t\t\t\t\t\t\t\t<\/li>\n\t\t\t\t\t\t\t\t<li class=\"elementor-icon-list-item\">\n\t\t\t\t\t\t\t\t\t\t\t<span class=\"elementor-icon-list-icon\">\n\t\t\t\t\t\t\t<i aria-hidden=\"true\" class=\"fas fa-envelope\"><\/i>\t\t\t\t\t\t<\/span>\n\t\t\t\t\t\t\t\t\t\t<span class=\"elementor-icon-list-text\">vendas@marmorariapedreira.com.br<\/span>\n\t\t\t\t\t\t\t\t\t<\/li>\n\t\t\t\t\t\t\t\t<li class=\"elementor-icon-list-item\">\n\t\t\t\t\t\t\t\t\t\t\t<span class=\"elementor-icon-list-icon\">\n\t\t\t\t\t\t\t<i aria-hidden=\"true\" class=\"fas fa-envelope\"><\/i>\t\t\t\t\t\t<\/span>\n\t\t\t\t\t\t\t\t\t\t<span class=\"elementor-icon-list-text\">vendas2@marmorariapedreira.com.br<\/span>\n\t\t\t\t\t\t\t\t\t<\/li>\n\t\t\t\t\t\t\t\t<li class=\"elementor-icon-list-item\">\n\t\t\t\t\t\t\t\t\t\t\t<span class=\"elementor-icon-list-icon\">\n\t\t\t\t\t\t\t<i aria-hidden=\"true\" class=\"fab fa-whatsapp\"><\/i>\t\t\t\t\t\t<\/span>\n\t\t\t\t\t\t\t\t\t\t<span class=\"elementor-icon-list-text\">(11) 94757-4122<\/span>\n\t\t\t\t\t\t\t\t\t<\/li>\n\t\t\t\t\t\t<\/ul>\n\t\t\t\t\t\t<\/div>\n\t\t\t\t<\/div>\n\t\t\t\t<div class=\"elementor-element elementor-element-5d3f9ad elementor-widget elementor-widget-google_maps\" data-id=\"5d3f9ad\" data-element_type=\"widget\" data-widget_type=\"google_maps.default\">\n\t\t\t\t<div class=\"elementor-widget-container\">\n\t\t\t\t\t\t\t<div class=\"elementor-custom-embed\">\n\t\t\t<iframe loading=\"lazy\"\n\t\t\t\t\tsrc=\"https:\/\/maps.google.com\/maps?q=Estrada%20do%20Campo%20Limpo%2C%204625%20-%20Vila%20Pirajussara%20S%C3%A3o%20Paulo%2FSP%20-%20CEP%3A%2005787-000&#038;t=m&#038;z=10&#038;output=embed&#038;iwloc=near\"\n\t\t\t\t\ttitle=\"Estrada do Campo Limpo, 4625 - Vila Pirajussara S\u00e3o Paulo\/SP - CEP: 05787-000\"\n\t\t\t\t\taria-label=\"Estrada do Campo Limpo, 4625 - Vila Pirajussara S\u00e3o Paulo\/SP - CEP: 05787-000\"\n\t\t\t><\/iframe>\n\t\t<\/div>\n\t\t\t\t\t\t<\/div>\n\t\t\t\t<\/div>\n\t\t\t\t\t<\/div>\n\t\t<\/div>\n\t\t\t\t<div class=\"elementor-column elementor-col-50 elementor-inner-column elementor-element elementor-element-3a17709\" data-id=\"3a17709\" data-element_type=\"column\">\n\t\t\t<div class=\"elementor-widget-wrap elementor-element-populated\">\n\t\t\t\t\t\t<div class=\"elementor-element elementor-element-4d84425 elementor-widget elementor-widget-heading\" data-id=\"4d84425\" data-element_type=\"widget\" data-widget_type=\"heading.default\">\n\t\t\t\t<div class=\"elementor-widget-container\">\n\t\t\t\t\t<h2 class=\"elementor-heading-title elementor-size-default\">SIGA NOSSA PAGINA<\/h2>\t\t\t\t<\/div>\n\t\t\t\t<\/div>\n\t\t\t\t<div class=\"elementor-element elementor-element-c2f32d6 elementor-widget elementor-widget-facebook-page\" data-id=\"c2f32d6\" data-element_type=\"widget\" data-widget_type=\"facebook-page.default\">\n\t\t\t\t<div class=\"elementor-widget-container\">\n\t\t\t\t\t<div class=\"elementor-facebook-widget fb-page\" data-href=\"https:\/\/www.facebook.com\/marmorariapedreira\/\" data-tabs=\"\" data-height=\"390px\" data-width=\"500px\" data-small-header=\"false\" data-hide-cover=\"false\" data-show-facepile=\"true\" data-hide-cta=\"false\" style=\"min-height: 1px;height:390px\"><\/div>\t\t\t\t<\/div>\n\t\t\t\t<\/div>\n\t\t\t\t\t<\/div>\n\t\t<\/div>\n\t\t\t\t\t<\/div>\n\t\t<\/section>\n\t\t\t\t\t<\/div>\n\t\t<\/div>\n\t\t\t\t\t<\/div>\n\t\t<\/section>\n\t\t\t\t<\/div>\n\t\t","protected":false},"excerpt":{"rendered":"<p>Nossa Empresa Desde 1991, oferecemos aos nossos clientes um atendimento especializado e difierenciado por meio\u00a0\u00a0profissionais de alto desempenho e experi\u00eancia no ramo de pedras ornamentais. Tarabalhamos com uma vasta variedade de materias, nacionais e importados, tais como, M\u00e1rmores, Granitos, Limestones, Anglostone, Silestone, Caesarstone, Technistone, Onix, dentre outros.\u00a0 Atendemos servi\u00e7os que variam desde pequenos\u00a0ambientes residencias \u00e0 [&hellip;]<\/p>\n","protected":false},"author":1,"featured_media":0,"parent":0,"menu_order":0,"comment_status":"closed","ping_status":"closed","template":"elementor_header_footer","meta":{"_joinchat":[],"footnotes":""},"class_list":["post-61","page","type-page","status-publish","hentry"],"_links":{"self":[{"href":"https:\/\/marmorariapedreira.com.br\/index.php\/wp-json\/wp\/v2\/pages\/61","targetHints":{"allow":["GET"]}}],"collection":[{"href":"https:\/\/marmorariapedreira.com.br\/index.php\/wp-json\/wp\/v2\/pages"}],"about":[{"href":"https:\/\/marmorariapedreira.com.br\/index.php\/wp-json\/wp\/v2\/types\/page"}],"author":[{"embeddable":true,"href":"https:\/\/marmorariapedreira.com.br\/index.php\/wp-json\/wp\/v2\/users\/1"}],"replies":[{"embeddable":true,"href":"https:\/\/marmorariapedreira.com.br\/index.php\/wp-json\/wp\/v2\/comments?post=61"}],"version-history":[{"count":25,"href":"https:\/\/marmorariapedreira.com.br\/index.php\/wp-json\/wp\/v2\/pages\/61\/revisions"}],"predecessor-version":[{"id":1065,"href":"https:\/\/marmorariapedreira.com.br\/index.php\/wp-json\/wp\/v2\/pages\/61\/revisions\/1065"}],"wp:attachment":[{"href":"https:\/\/marmorariapedreira.com.br\/index.php\/wp-json\/wp\/v2\/media?parent=61"}],"curies":[{"name":"wp","href":"https:\/\/api.w.org\/{rel}","templated":true}]}}